{"id":791,"date":"2020-11-08T20:56:45","date_gmt":"2020-11-08T20:56:45","guid":{"rendered":"https:\/\/qantumthemes.xyz\/kentha\/demo11\/label\/"},"modified":"2025-01-18T05:21:36","modified_gmt":"2025-01-18T04:21:36","slug":"label","status":"publish","type":"page","link":"https:\/\/recuerdas.net\/","title":{"rendered":"Label"},"content":{"rendered":"\t\t<div data-elementor-type=\"wp-page\" data-elementor-id=\"791\" class=\"elementor elementor-791\">\n\t\t\t\t\t\t<section class=\"elementor-section elementor-top-section elementor-element elementor-element-3f8753d elementor-section-full_width elementor-section-height-default elementor-section-height-default\" data-id=\"3f8753d\" data-element_type=\"section\" data-e-type=\"section\" data-settings=\"{&quot;background_background&quot;:&quot;video&quot;,&quot;background_video_link&quot;:&quot;https:\\\/\\\/www.youtube.com\\\/watch?v=urg0E2FlbnQ&amp;t=8s&quot;,&quot;background_video_start&quot;:26,&quot;background_video_end&quot;:120,&quot;background_play_on_mobile&quot;:&quot;yes&quot;,&quot;shape_divider_bottom&quot;:&quot;triangle&quot;,&quot;shape_divider_bottom_negative&quot;:&quot;yes&quot;}\">\n\t\t\t\t\t\t\t\t<div class=\"elementor-background-video-container\">\n\t\t\t\t\t\t\t\t\t\t\t\t\t<div class=\"elementor-background-video-embed\" role=\"presentation\"><\/div>\n\t\t\t\t\t\t\t\t\t\t\t\t<\/div>\n\t\t\t\t\t\t\t\t\t<div class=\"elementor-background-overlay\"><\/div>\n\t\t\t\t\t\t<div class=\"elementor-shape elementor-shape-bottom\" aria-hidden=\"true\" data-negative=\"true\">\n\t\t\t<svg xmlns=\"http:\/\/www.w3.org\/2000\/svg\" viewBox=\"0 0 1000 100\" preserveAspectRatio=\"none\">\n\t<path class=\"elementor-shape-fill\" d=\"M500.2,94.7L0,0v100h1000V0L500.2,94.7z\"\/>\n<\/svg>\t\t<\/div>\n\t\t\t\t\t<div class=\"elementor-container elementor-column-gap-default\">\n\t\t\t\t\t<div class=\"elementor-column elementor-col-100 elementor-top-column elementor-element elementor-element-086ccd7\" data-id=\"086ccd7\" data-element_type=\"column\" data-e-type=\"column\">\n\t\t\t<div class=\"elementor-widget-wrap elementor-element-populated\">\n\t\t\t\t\t\t<div class=\"elementor-element elementor-element-bb7df71 elementor-widget elementor-widget-kentha-elementor-3dheader\" data-id=\"bb7df71\" data-element_type=\"widget\" data-e-type=\"widget\" data-widget_type=\"kentha-elementor-3dheader.default\">\n\t\t\t\t<div class=\"elementor-widget-container\">\n\t\t\t\t\t\t<div class=\"kentha-elementor-3d-header qt-perspectivecard-wrapper \">\n\t\t<div class=\"qt-perspectivecard\"  data-bgimage=\"https:\/\/recuerdas.net\/wp-content\/uploads\/big-logoydisco-1.png\"  >\n\t\t\t\n\t\t\t\t\t\t\t<div class=\"qt-perspectivecard__bg2\" data-bgimage=\"https:\/\/recuerdas.net\/wp-content\/uploads\/background-layer-3.png\"><\/div>\n\t\t\t\t\t\t\t\t<div class=\"qt-perspectivecard__bg3\" data-bgimage=\"https:\/\/recuerdas.net\/wp-content\/uploads\/background-layer-2.png\"><\/div>\n\t\t\t\t\t\t\t\t<div class=\"qt-perspectivecard__fg1\" data-bgimage=\"https:\/\/recuerdas.net\/wp-content\/uploads\/background-layer-4-2.png\"><\/div>\n\t\t\t\t\t\t\t\t<div class=\"qt-perspectivecard__fg2\" data-bgimage=\"https:\/\/recuerdas.net\/wp-content\/uploads\/background-layer-2.png\"><\/div>\n\t\t\t\t\t\t\t\t\t\t\t\t\t\t\t\t\t<p class=\"qtmusicplayer-trackitem\">\n\t\t\t\t\t\t\t\t\t\t<span class=\"qt-play qt-link-sec qtmusicplayer-play-btn qt-btn qt-btn-primary qt-btn-xl z-depth-2 noajax\" \n\t\t\t\t\t\t\t\t\t\tdata-qtmplayer-type=\"radio\"\n\t\t\t\t\t\t\t\t\t\tdata-qtmplayer-cover=\"\" \n\t\t\t\t\t\t\t\t\t\tdata-qtmplayer-file=\"https:\/\/sonic.mediatelekom.net\/9966\/stream\" \n\t\t\t\t\t\t\t\t\t\tdata-qtmplayer-title=\"Label\" \n\t\t\t\t\t\t\t\t\t\tdata-qtmplayer-artist=\"Evoca tus mejores momentos.\" \n\t\t\t\t\t\t\t\t\t\tdata-qtmplayer-album=\"Label\" \n\t\t\t\t\t\t\t\t\t\tdata-qtmplayer-link=\"https:\/\/recuerdas.net\/\" \n\t\t\t\t\t\t\t\t\t\tdata-qtmplayer-buylink=\"\" \n\t\t\t\t\t\t\t\t\t\tdata-qtmplayer-icon=\"1205\" \n\t\t\t\t\t\t\t\t\t\tdata-playnow=\"1\"\n\t\t\t\t\t\t\t\t\t\tdata-radiochannel\n\t\t\t\t\t\t\t\t\t\tdata-host=\"\"\n\t\t\t\t\t\t\t\t\t\tdata-port=\"\"\n\t\t\t\t\t\t\t\t\t\tdata-icecasturl=\"\"\n\t\t\t\t\t\t\t\t\t\tdata-ssl=\"\"\n\t\t\t\t\t\t\t\t\t\tdata-icecastmountpoint=\"\"\n\t\t\t\t\t\t\t\t\t\tdata-radiodotco=\"\"\n\t\t\t\t\t\t\t\t\t\tdata-airtime=\"\"\n\t\t\t\t\t\t\t\t\t\tdata-radionomy=\"\"\n\t\t\t\t\t\t\t\t\t\tdata-textfeed=\"\"\n\t\t\t\t\t\t\t\t\t\tdata-channel=\"\"\n\t\t\t\t\t\t\t\t\t\t><i class='material-icons'>play_circle_filled<\/i> escuchar<\/span>\n\t\t\t\t\t\t\t\t\t<\/p>\n\t\t\t\t\t\t\t\t\t\t<\/div>\n\n\t<\/div>\n\t\t\t\t\t<\/div>\n\t\t\t\t<\/div>\n\t\t\t\t\t<\/div>\n\t\t<\/div>\n\t\t\t\t\t<\/div>\n\t\t<\/section>\n\t\t\t\t<section class=\"elementor-section elementor-top-section elementor-element elementor-element-0fa70b2 elementor-section-boxed elementor-section-height-default elementor-section-height-default\" data-id=\"0fa70b2\" data-element_type=\"section\" data-e-type=\"section\" data-settings=\"{&quot;background_background&quot;:&quot;classic&quot;}\">\n\t\t\t\t\t\t<div class=\"elementor-container elementor-column-gap-default\">\n\t\t\t\t\t<div class=\"elementor-column elementor-col-100 elementor-top-column elementor-element elementor-element-19d8f6f\" data-id=\"19d8f6f\" data-element_type=\"column\" data-e-type=\"column\">\n\t\t\t<div class=\"elementor-widget-wrap elementor-element-populated\">\n\t\t\t\t\t\t<div class=\"elementor-element elementor-element-8cbb850 elementor-widget elementor-widget-kentha-elementor-section-caption\" data-id=\"8cbb850\" data-element_type=\"widget\" data-e-type=\"widget\" data-widget_type=\"kentha-elementor-section-caption.default\">\n\t\t\t\t<div class=\"elementor-widget-container\">\n\t\t\t\t\t\t\t<h2 id=\"qttabsdbdfc-podcast\" class=\"qt-center qt-qttabsdbdfc-podcast qt-textfx-wrap qt-fontsize-h1\">\n\t\t\t\t\t\t\t\t<span class=\"qt-txtfx qt-txtfx--london\" data-letters=\"podcast\">podcast<\/span>\n\t\t\t\t\t\t\t<\/h2>\n\t\t\t\t<div data-kentha-customstyles=\"\/* Shortcode dynamically generated CSS *\/\n\t\t\t\t\t.qt-qttabsdbdfc-podcast .qt-txtfx--london { color: #dedede}\n\t\t\t\t\t.qt-qttabsdbdfc-podcast .qt-txtfx--london.qt-txtfxstart { color: #FFFFFF}\n\t\t\t\t\t.qt-qttabsdbdfc-podcast .qt-txtfx--london::before { background: #FF0D60}\"><\/div>\n\t\t\t\t\t\t<\/div>\n\t\t\t\t<\/div>\n\t\t\t\t<div class=\"elementor-element elementor-element-95e4f95 elementor-widget elementor-widget-html\" data-id=\"95e4f95\" data-element_type=\"widget\" data-e-type=\"widget\" data-widget_type=\"html.default\">\n\t\t\t\t<div class=\"elementor-widget-container\">\n\t\t\t\t\t<iframe src=\"https:\/\/www.ivoox.com\/player_es_podcast_2185_zp_1.html\" width=\"100%\" style=\"border: 1px solid #FFFFFF;\" height=\"400\" frameborder=\"0\" allowfullscreen=\"0\" scrolling=\"no\" loading=\"lazy\"><\/iframe>\t\t\t\t<\/div>\n\t\t\t\t<\/div>\n\t\t\t\t<div class=\"elementor-element elementor-element-608818b elementor-widget elementor-widget-heading\" data-id=\"608818b\" data-element_type=\"widget\" data-e-type=\"widget\" data-widget_type=\"heading.default\">\n\t\t\t\t<div class=\"elementor-widget-container\">\n\t\t\t\t\t<p class=\"elementor-heading-title elementor-size-default\">NO OLVIDES PAUSAR LA EMISI\u00d3N EN DIRECTO ANTES DE ESCUCHAR UN PODCAST<\/p>\t\t\t\t<\/div>\n\t\t\t\t<\/div>\n\t\t\t\t\t<\/div>\n\t\t<\/div>\n\t\t\t\t\t<\/div>\n\t\t<\/section>\n\t\t\t\t<section class=\"elementor-section elementor-top-section elementor-element elementor-element-fc0dcec ciega elementor-section-boxed elementor-section-height-default elementor-section-height-default\" data-id=\"fc0dcec\" data-element_type=\"section\" data-e-type=\"section\" data-settings=\"{&quot;background_background&quot;:&quot;classic&quot;,&quot;shape_divider_top&quot;:&quot;triangle&quot;,&quot;shape_divider_bottom&quot;:&quot;triangle&quot;,&quot;shape_divider_bottom_negative&quot;:&quot;yes&quot;}\">\n\t\t\t\t\t\t\t<div class=\"elementor-background-overlay\"><\/div>\n\t\t\t\t\t\t<div class=\"elementor-shape elementor-shape-top\" aria-hidden=\"true\" data-negative=\"false\">\n\t\t\t<svg xmlns=\"http:\/\/www.w3.org\/2000\/svg\" viewBox=\"0 0 1000 100\" preserveAspectRatio=\"none\">\n\t<path class=\"elementor-shape-fill\" d=\"M500,98.9L0,6.1V0h1000v6.1L500,98.9z\"\/>\n<\/svg>\t\t<\/div>\n\t\t\t\t<div class=\"elementor-shape elementor-shape-bottom\" aria-hidden=\"true\" data-negative=\"true\">\n\t\t\t<svg xmlns=\"http:\/\/www.w3.org\/2000\/svg\" viewBox=\"0 0 1000 100\" preserveAspectRatio=\"none\">\n\t<path class=\"elementor-shape-fill\" d=\"M500.2,94.7L0,0v100h1000V0L500.2,94.7z\"\/>\n<\/svg>\t\t<\/div>\n\t\t\t\t\t<div class=\"elementor-container elementor-column-gap-default\">\n\t\t\t\t\t<div class=\"elementor-column elementor-col-100 elementor-top-column elementor-element elementor-element-ede8933\" data-id=\"ede8933\" data-element_type=\"column\" data-e-type=\"column\">\n\t\t\t<div class=\"elementor-widget-wrap elementor-element-populated\">\n\t\t\t\t\t\t<div class=\"elementor-element elementor-element-593c37c elementor-widget elementor-widget-kentha-elementor-section-caption\" data-id=\"593c37c\" data-element_type=\"widget\" data-e-type=\"widget\" data-widget_type=\"kentha-elementor-section-caption.default\">\n\t\t\t\t<div class=\"elementor-widget-container\">\n\t\t\t\t\t\t\t<h2 id=\"qttabsdbdfcc-unos-consejos\" class=\"qt-center qt-qttabsdbdfcc-unos-consejos qt-textfx-wrap qt-fontsize-h1\">\n\t\t\t\t\t\t\t\t<span class=\"qt-txtfx qt-txtfx--london\" data-letters=\"UNOS CONSEJOS\">UNOS CONSEJOS<\/span>\n\t\t\t\t\t\t\t<\/h2>\n\t\t\t\t<div data-kentha-customstyles=\"\/* Shortcode dynamically generated CSS *\/\n\t\t\t\t\t.qt-qttabsdbdfcc-unos-consejos .qt-txtfx--london { color: #dedede}\n\t\t\t\t\t.qt-qttabsdbdfcc-unos-consejos .qt-txtfx--london.qt-txtfxstart { color: #FFFFFF}\n\t\t\t\t\t.qt-qttabsdbdfcc-unos-consejos .qt-txtfx--london::before { background: #FF0D60}\"><\/div>\n\t\t\t\t\t\t<\/div>\n\t\t\t\t<\/div>\n\t\t\t\t<div class=\"elementor-element elementor-element-b26e5d8 elementor-widget elementor-widget-kentha-elementor-gallery\" data-id=\"b26e5d8\" data-element_type=\"widget\" data-e-type=\"widget\" data-widget_type=\"kentha-elementor-gallery.default\">\n\t\t\t\t<div class=\"elementor-widget-container\">\n\t\t\t\t\t\t\t\t<div class=\"kentha-flexgallery qt-kentha-flexgallery qt-ss qt-flexbin\" data-thumbnail-size=\"s\">\n\t\t\t\t\t\t\t\t\t\t<a href=\"https:\/\/recuerdas.net\/wp-content\/uploads\/06.jpg\" class=\"qt-gallery-item\">\n\t\t\t\t\t\t\t<img decoding=\"async\" src=\"https:\/\/recuerdas.net\/wp-content\/uploads\/06-150x150.jpg\" alt=\"06\">\n\t\t\t\t\t\t\t<i class='material-icons'>zoom_in<\/i>\n\t\t\t\t\t\t\t<span class=\"qt-frame\"><\/span>\n\n\t\t\t\t\t\t<\/a>\n\t\t\t\t\t\t\t\t\t\t\t\t<a href=\"https:\/\/recuerdas.net\/wp-content\/uploads\/07.jpg\" class=\"qt-gallery-item\">\n\t\t\t\t\t\t\t<img decoding=\"async\" src=\"https:\/\/recuerdas.net\/wp-content\/uploads\/07-150x150.jpg\" alt=\"07\">\n\t\t\t\t\t\t\t<i class='material-icons'>zoom_in<\/i>\n\t\t\t\t\t\t\t<span class=\"qt-frame\"><\/span>\n\n\t\t\t\t\t\t<\/a>\n\t\t\t\t\t\t\t\t\t\t\t\t<a href=\"https:\/\/recuerdas.net\/wp-content\/uploads\/bdias.jpg\" class=\"qt-gallery-item\">\n\t\t\t\t\t\t\t<img decoding=\"async\" src=\"https:\/\/recuerdas.net\/wp-content\/uploads\/bdias-150x150.jpg\" alt=\"bdias\">\n\t\t\t\t\t\t\t<i class='material-icons'>zoom_in<\/i>\n\t\t\t\t\t\t\t<span class=\"qt-frame\"><\/span>\n\n\t\t\t\t\t\t<\/a>\n\t\t\t\t\t\t\t\t\t\t\t\t<a href=\"https:\/\/recuerdas.net\/wp-content\/uploads\/caferadio.jpg\" class=\"qt-gallery-item\">\n\t\t\t\t\t\t\t<img decoding=\"async\" src=\"https:\/\/recuerdas.net\/wp-content\/uploads\/caferadio-150x150.jpg\" alt=\"caferadio\">\n\t\t\t\t\t\t\t<i class='material-icons'>zoom_in<\/i>\n\t\t\t\t\t\t\t<span class=\"qt-frame\"><\/span>\n\n\t\t\t\t\t\t<\/a>\n\t\t\t\t\t\t\t\t\t\t\t\t<a href=\"https:\/\/recuerdas.net\/wp-content\/uploads\/hada.jpg\" class=\"qt-gallery-item\">\n\t\t\t\t\t\t\t<img decoding=\"async\" src=\"https:\/\/recuerdas.net\/wp-content\/uploads\/hada-150x150.jpg\" alt=\"hada\">\n\t\t\t\t\t\t\t<i class='material-icons'>zoom_in<\/i>\n\t\t\t\t\t\t\t<span class=\"qt-frame\"><\/span>\n\n\t\t\t\t\t\t<\/a>\n\t\t\t\t\t\t\t\t\t<\/div>\n\t\t\t\t\t\t<\/div>\n\t\t\t\t<\/div>\n\t\t\t\t<div class=\"elementor-element elementor-element-f0d519e elementor-widget elementor-widget-image-gallery\" data-id=\"f0d519e\" data-element_type=\"widget\" data-e-type=\"widget\" data-widget_type=\"image-gallery.default\">\n\t\t\t\t<div class=\"elementor-widget-container\">\n\t\t\t\t\t\t\t<div class=\"elementor-image-gallery\">\n\t\t\t\n\t\t<style>\n\t\t\t#gallery-1 {\n\t\t\t\tmargin: auto;\n\t\t\t}\n\t\t\t#gallery-1 .gallery-item {\n\t\t\t\tfloat: left;\n\t\t\t\tmargin-top: 10px;\n\t\t\t\ttext-align: center;\n\t\t\t\twidth: 25%;\n\t\t\t}\n\t\t\t#gallery-1 img {\n\t\t\t\tborder: 2px solid #cfcfcf;\n\t\t\t}\n\t\t\t#gallery-1 .gallery-caption {\n\t\t\t\tmargin-left: 0;\n\t\t\t}\n\t\t\t\/* see gallery_shortcode() in wp-includes\/media.php *\/\n\t\t<\/style>\n\t\t<div id='gallery-1' class='gallery galleryid-791 gallery-columns-4 gallery-size-full'><dl class='gallery-item'>\n\t\t\t<dt class='gallery-icon landscape'>\n\t\t\t\t<img fetchpriority=\"high\" decoding=\"async\" width=\"600\" height=\"600\" src=\"https:\/\/recuerdas.net\/wp-content\/uploads\/07.jpg\" class=\"attachment-full size-full\" alt=\"\" srcset=\"https:\/\/recuerdas.net\/wp-content\/uploads\/07.jpg 600w, https:\/\/recuerdas.net\/wp-content\/uploads\/07-150x150.jpg 150w, https:\/\/recuerdas.net\/wp-content\/uploads\/07-170x170.jpg 170w, https:\/\/recuerdas.net\/wp-content\/uploads\/07-60x60.jpg 60w, https:\/\/recuerdas.net\/wp-content\/uploads\/07-420x420.jpg 420w\" sizes=\"(max-width: 600px) 100vw, 600px\" \/>\n\t\t\t<\/dt><\/dl><dl class='gallery-item'>\n\t\t\t<dt class='gallery-icon landscape'>\n\t\t\t\t<img decoding=\"async\" width=\"600\" height=\"600\" src=\"https:\/\/recuerdas.net\/wp-content\/uploads\/hada.jpg\" class=\"attachment-full size-full\" alt=\"\" srcset=\"https:\/\/recuerdas.net\/wp-content\/uploads\/hada.jpg 600w, https:\/\/recuerdas.net\/wp-content\/uploads\/hada-150x150.jpg 150w, https:\/\/recuerdas.net\/wp-content\/uploads\/hada-170x170.jpg 170w, https:\/\/recuerdas.net\/wp-content\/uploads\/hada-60x60.jpg 60w, https:\/\/recuerdas.net\/wp-content\/uploads\/hada-420x420.jpg 420w\" sizes=\"(max-width: 600px) 100vw, 600px\" \/>\n\t\t\t<\/dt><\/dl><dl class='gallery-item'>\n\t\t\t<dt class='gallery-icon landscape'>\n\t\t\t\t<img decoding=\"async\" width=\"600\" height=\"600\" src=\"https:\/\/recuerdas.net\/wp-content\/uploads\/caferadio.jpg\" class=\"attachment-full size-full\" alt=\"\" srcset=\"https:\/\/recuerdas.net\/wp-content\/uploads\/caferadio.jpg 600w, https:\/\/recuerdas.net\/wp-content\/uploads\/caferadio-150x150.jpg 150w, https:\/\/recuerdas.net\/wp-content\/uploads\/caferadio-170x170.jpg 170w, https:\/\/recuerdas.net\/wp-content\/uploads\/caferadio-60x60.jpg 60w, https:\/\/recuerdas.net\/wp-content\/uploads\/caferadio-420x420.jpg 420w\" sizes=\"(max-width: 600px) 100vw, 600px\" \/>\n\t\t\t<\/dt><\/dl><dl class='gallery-item'>\n\t\t\t<dt class='gallery-icon landscape'>\n\t\t\t\t<img loading=\"lazy\" decoding=\"async\" width=\"600\" height=\"600\" src=\"https:\/\/recuerdas.net\/wp-content\/uploads\/bdias.jpg\" class=\"attachment-full size-full\" alt=\"\" srcset=\"https:\/\/recuerdas.net\/wp-content\/uploads\/bdias.jpg 600w, https:\/\/recuerdas.net\/wp-content\/uploads\/bdias-150x150.jpg 150w, https:\/\/recuerdas.net\/wp-content\/uploads\/bdias-170x170.jpg 170w, https:\/\/recuerdas.net\/wp-content\/uploads\/bdias-60x60.jpg 60w, https:\/\/recuerdas.net\/wp-content\/uploads\/bdias-420x420.jpg 420w\" sizes=\"(max-width: 600px) 100vw, 600px\" \/>\n\t\t\t<\/dt><\/dl><br style=\"clear: both\" \/><dl class='gallery-item'>\n\t\t\t<dt class='gallery-icon landscape'>\n\t\t\t\t<img loading=\"lazy\" decoding=\"async\" width=\"600\" height=\"600\" src=\"https:\/\/recuerdas.net\/wp-content\/uploads\/06.jpg\" class=\"attachment-full size-full\" alt=\"\" srcset=\"https:\/\/recuerdas.net\/wp-content\/uploads\/06.jpg 600w, https:\/\/recuerdas.net\/wp-content\/uploads\/06-150x150.jpg 150w, https:\/\/recuerdas.net\/wp-content\/uploads\/06-170x170.jpg 170w, https:\/\/recuerdas.net\/wp-content\/uploads\/06-60x60.jpg 60w, https:\/\/recuerdas.net\/wp-content\/uploads\/06-420x420.jpg 420w\" sizes=\"(max-width: 600px) 100vw, 600px\" \/>\n\t\t\t<\/dt><\/dl>\n\t\t\t<br style='clear: both' \/>\n\t\t<\/div>\n\t\t<\/div>\n\t\t\t\t\t\t<\/div>\n\t\t\t\t<\/div>\n\t\t\t\t\t<\/div>\n\t\t<\/div>\n\t\t\t\t\t<\/div>\n\t\t<\/section>\n\t\t\t\t<section class=\"elementor-section elementor-top-section elementor-element elementor-element-be30774 elementor-section-full_width elementor-section-height-default elementor-section-height-default\" data-id=\"be30774\" data-element_type=\"section\" data-e-type=\"section\" data-settings=\"{&quot;background_background&quot;:&quot;classic&quot;}\">\n\t\t\t\t\t\t<div class=\"elementor-container elementor-column-gap-default\">\n\t\t\t\t\t<div class=\"elementor-column elementor-col-100 elementor-top-column elementor-element elementor-element-26a42fc\" data-id=\"26a42fc\" data-element_type=\"column\" data-e-type=\"column\">\n\t\t\t<div class=\"elementor-widget-wrap elementor-element-populated\">\n\t\t\t\t\t\t<section class=\"elementor-section elementor-inner-section elementor-element elementor-element-7acafdc elementor-section-boxed elementor-section-height-default elementor-section-height-default\" data-id=\"7acafdc\" data-element_type=\"section\" data-e-type=\"section\">\n\t\t\t\t\t\t<div class=\"elementor-container elementor-column-gap-default\">\n\t\t\t\t\t<div class=\"elementor-column elementor-col-50 elementor-inner-column elementor-element elementor-element-7278845\" data-id=\"7278845\" data-element_type=\"column\" data-e-type=\"column\">\n\t\t\t<div class=\"elementor-widget-wrap elementor-element-populated\">\n\t\t\t\t\t\t<div class=\"elementor-element elementor-element-b837dee elementor-widget elementor-widget-heading\" data-id=\"b837dee\" data-element_type=\"widget\" data-e-type=\"widget\" data-widget_type=\"heading.default\">\n\t\t\t\t<div class=\"elementor-widget-container\">\n\t\t\t\t\t<h2 class=\"elementor-heading-title elementor-size-default\">a\u00fan hay m\u00e1s<\/h2>\t\t\t\t<\/div>\n\t\t\t\t<\/div>\n\t\t\t\t\t<\/div>\n\t\t<\/div>\n\t\t\t\t<div class=\"elementor-column elementor-col-50 elementor-inner-column elementor-element elementor-element-bb048b6\" data-id=\"bb048b6\" data-element_type=\"column\" data-e-type=\"column\">\n\t\t\t<div class=\"elementor-widget-wrap elementor-element-populated\">\n\t\t\t\t\t\t<div class=\"elementor-element elementor-element-e8782ce e-grid-align-right e-grid-align-mobile-center elementor-shape-rounded elementor-grid-0 elementor-widget elementor-widget-social-icons\" data-id=\"e8782ce\" data-element_type=\"widget\" data-e-type=\"widget\" data-widget_type=\"social-icons.default\">\n\t\t\t\t<div class=\"elementor-widget-container\">\n\t\t\t\t\t\t\t<div class=\"elementor-social-icons-wrapper elementor-grid\" role=\"list\">\n\t\t\t\t\t\t\t<span class=\"elementor-grid-item\" role=\"listitem\">\n\t\t\t\t\t<a class=\"elementor-icon elementor-social-icon elementor-social-icon-twitter elementor-repeater-item-163ef9b\" href=\"https:\/\/twitter.com\/recuerdas_net\" target=\"_blank\">\n\t\t\t\t\t\t<span class=\"elementor-screen-only\">Twitter<\/span>\n\t\t\t\t\t\t<i aria-hidden=\"true\" class=\"fab fa-twitter\"><\/i>\t\t\t\t\t<\/a>\n\t\t\t\t<\/span>\n\t\t\t\t\t\t\t<span class=\"elementor-grid-item\" role=\"listitem\">\n\t\t\t\t\t<a class=\"elementor-icon elementor-social-icon elementor-social-icon-spotify elementor-repeater-item-bb054a7\" href=\"https:\/\/open.spotify.com\/user\/1120534345?si=b9f6240acde449c9\" target=\"_blank\">\n\t\t\t\t\t\t<span class=\"elementor-screen-only\">Spotify<\/span>\n\t\t\t\t\t\t<i aria-hidden=\"true\" class=\"fab fa-spotify\"><\/i>\t\t\t\t\t<\/a>\n\t\t\t\t<\/span>\n\t\t\t\t\t\t\t<span class=\"elementor-grid-item\" role=\"listitem\">\n\t\t\t\t\t<a class=\"elementor-icon elementor-social-icon elementor-social-icon-facebook elementor-repeater-item-eb31ac6\" href=\"https:\/\/www.facebook.com\/recuerdas.net\" target=\"_blank\">\n\t\t\t\t\t\t<span class=\"elementor-screen-only\">Facebook<\/span>\n\t\t\t\t\t\t<i aria-hidden=\"true\" class=\"fab fa-facebook\"><\/i>\t\t\t\t\t<\/a>\n\t\t\t\t<\/span>\n\t\t\t\t\t\t\t<span class=\"elementor-grid-item\" role=\"listitem\">\n\t\t\t\t\t<a class=\"elementor-icon elementor-social-icon elementor-social-icon-instagram elementor-repeater-item-45d6c47\" href=\"https:\/\/www.instagram.com\/recuerdas_net\/\" target=\"_blank\">\n\t\t\t\t\t\t<span class=\"elementor-screen-only\">Instagram<\/span>\n\t\t\t\t\t\t<i aria-hidden=\"true\" class=\"fab fa-instagram\"><\/i>\t\t\t\t\t<\/a>\n\t\t\t\t<\/span>\n\t\t\t\t\t<\/div>\n\t\t\t\t\t\t<\/div>\n\t\t\t\t<\/div>\n\t\t\t\t\t<\/div>\n\t\t<\/div>\n\t\t\t\t\t<\/div>\n\t\t<\/section>\n\t\t\t\t\t<\/div>\n\t\t<\/div>\n\t\t\t\t\t<\/div>\n\t\t<\/section>\n\t\t\t\t<\/div>\n\t\t","protected":false},"excerpt":{"rendered":"<p>play_circle_filled escuchar podcast NO OLVIDES PAUSAR LA EMISI\u00d3N EN DIRECTO ANTES DE ESCUCHAR UN PODCAST UNOS CONSEJOS zoom_in zoom_in zoom_in zoom_in zoom_in a\u00fan hay m\u00e1s Twitter Spotify Facebook Instagram<\/p>\n","protected":false},"author":1,"featured_media":0,"parent":0,"menu_order":0,"comment_status":"closed","ping_status":"closed","template":"page-visualcomposer.php","meta":{"footnotes":""},"class_list":["post-791","page","type-page","status-publish","hentry"],"_links":{"self":[{"href":"https:\/\/recuerdas.net\/index.php\/wp-json\/wp\/v2\/pages\/791","targetHints":{"allow":["GET"]}}],"collection":[{"href":"https:\/\/recuerdas.net\/index.php\/wp-json\/wp\/v2\/pages"}],"about":[{"href":"https:\/\/recuerdas.net\/index.php\/wp-json\/wp\/v2\/types\/page"}],"author":[{"embeddable":true,"href":"https:\/\/recuerdas.net\/index.php\/wp-json\/wp\/v2\/users\/1"}],"replies":[{"embeddable":true,"href":"https:\/\/recuerdas.net\/index.php\/wp-json\/wp\/v2\/comments?post=791"}],"version-history":[{"count":69,"href":"https:\/\/recuerdas.net\/index.php\/wp-json\/wp\/v2\/pages\/791\/revisions"}],"predecessor-version":[{"id":2015,"href":"https:\/\/recuerdas.net\/index.php\/wp-json\/wp\/v2\/pages\/791\/revisions\/2015"}],"wp:attachment":[{"href":"https:\/\/recuerdas.net\/index.php\/wp-json\/wp\/v2\/media?parent=791"}],"curies":[{"name":"wp","href":"https:\/\/api.w.org\/{rel}","templated":true}]}}